{"id":246,"date":"2021-06-14T21:16:10","date_gmt":"2021-06-14T21:16:10","guid":{"rendered":"https:\/\/bslthemes.site\/larson\/?page_id=246"},"modified":"2022-03-26T15:04:40","modified_gmt":"2022-03-26T15:04:40","slug":"ueberuns","status":"publish","type":"page","link":"https:\/\/be-reinigung.ch\/?page_id=246","title":{"rendered":"\u00dcber uns"},"content":{"rendered":"\t\t<div data-elementor-type=\"wp-page\" data-elementor-id=\"246\" class=\"elementor elementor-246\" data-elementor-settings=\"[]\">\n\t\t\t\t\t\t\t<div class=\"elementor-section-wrap\">\n\t\t\t\t\t\t\t<section class=\"elementor-section elementor-top-section elementor-element elementor-element-a41e2b2 elementor-section-full_width elementor-section-height-default elementor-section-height-default\" data-id=\"a41e2b2\" data-element_type=\"section\">\n\t\t\t\t\t\t<div class=\"elementor-container elementor-column-gap-no\">\n\t\t\t\t\t<div class=\"elementor-column elementor-col-100 elementor-top-column elementor-element elementor-element-97c067e\" data-id=\"97c067e\" data-element_type=\"column\">\n\t\t\t<div class=\"elementor-widget-wrap elementor-element-populated\">\n\t\t\t\t\t\t\t\t<div class=\"elementor-element elementor-element-4f6d00e elementor-widget elementor-widget-larson-intro\" data-id=\"4f6d00e\" data-element_type=\"widget\" data-widget_type=\"larson-intro.default\">\n\t\t\t\t<div class=\"elementor-widget-container\">\n\t\t\t\n\t\t<article class=\"article\">\n\t        <header class=\"article__header\">\n\t          <div class=\"container\">\n\t            \t            <h1 class=\"article__heading heading heading--size-large\">\n\t            \t<span >\n\t\t\t\t\t\tWir sind<br><span class=\"color-yellow\">BE Reinigung<\/span> <br>\t\t\t\t\t<\/span>\n\t            <\/h1>\n\t            \t            \t            <div class=\"article__header-text\">\n\t            \t<span >\n\t\t\t\t\t\tReinungsservices zu fairen Preisen \u2013 Garantiert!\t\t\t\t\t<\/span>\n\t            <\/div>\n\t            \t          <\/div>\n\t        <\/header>\n\t        \t        <div class=\"article__about-hero container\">\n\t          <img src=\"https:\/\/be-reinigung.ch\/wp-content\/uploads\/2022\/03\/a.jpg\" alt=\"\" \/>\n\t        <\/div>\n\t        \t    <\/article>\n\n\t\t\t\t<\/div>\n\t\t\t\t<\/div>\n\t\t\t\t\t<\/div>\n\t\t<\/div>\n\t\t\t\t\t\t\t<\/div>\n\t\t<\/section>\n\t\t\t\t<section class=\"elementor-section elementor-top-section elementor-element elementor-element-4c57874 elementor-section-full_width elementor-section-height-default elementor-section-height-default\" data-id=\"4c57874\" data-element_type=\"section\">\n\t\t\t\t\t\t<div class=\"elementor-container elementor-column-gap-no\">\n\t\t\t\t\t<div class=\"elementor-column elementor-col-100 elementor-top-column elementor-element elementor-element-362f2fe\" data-id=\"362f2fe\" data-element_type=\"column\">\n\t\t\t<div class=\"elementor-widget-wrap elementor-element-populated\">\n\t\t\t\t\t\t\t\t<div class=\"elementor-element elementor-element-fae3345 elementor-widget elementor-widget-larson-about-description\" data-id=\"fae3345\" data-element_type=\"widget\" data-widget_type=\"larson-about-description.default\">\n\t\t\t\t<div class=\"elementor-widget-container\">\n\t\t\t\n\t\t<section class=\"webpage__about-block about-block about-block--columns\">\n          <div class=\"about-block__inner container\" data-number=\"01.\">\n                        <header class=\"about-block__header\" data-aos=\"fade\">\n              <h2 class=\"about-block__heading heading\">\n              \t<span >\n\t\t\t\t\t\u00dcber uns\t\t\t\t<\/span>\n              <\/h2>\n            <\/header>\n                                    <div class=\"about-block__main\">\n                            <div class=\"about-block__text\" data-aos=\"fade\">\n                <div >\n\t\t\t\t\t<p>Wir hoffen, dass Sie alles finden, was Sie ben\u00f6tigen. Firmenname bem\u00fcht sich, hochqualitative Dienstleistungen zu bieten und Kundenw\u00fcnsche zu erf\u00fcllen - wir geben alles, um Ihre Erwartungen zu erf\u00fcllen.<br \/><br \/>Wir bieten zahlreiche Angebote, aus denen Sie w\u00e4hlen k\u00f6nnen und sind zuversichtlich, dass Sie mit unserem Service zufrieden sein werden. St\u00f6bern Sie durch unsere Homepage und erfahren Sie mehr \u00fcber uns oder setzen Sie sich direkt mit uns in Kontakt.<br \/><br \/>Wir sind ein Schweizer Unternehmen mit Sitz in Ostermundigen und im ganzen Kantonsgebiet Bern t\u00e4tig.<\/p>\t\t\t\t<\/div>\n              <\/div>\n                                        <\/div>\n                      <\/div>\n        <\/section>\n\n\t\t\t\t<\/div>\n\t\t\t\t<\/div>\n\t\t\t\t\t<\/div>\n\t\t<\/div>\n\t\t\t\t\t\t\t<\/div>\n\t\t<\/section>\n\t\t\t\t<section class=\"elementor-section elementor-top-section elementor-element elementor-element-8e39011 elementor-section-full_width elementor-section-height-default elementor-section-height-default\" data-id=\"8e39011\" data-element_type=\"section\">\n\t\t\t\t\t\t<div class=\"elementor-container elementor-column-gap-no\">\n\t\t\t\t\t<div class=\"elementor-column elementor-col-100 elementor-top-column elementor-element elementor-element-a009d61\" data-id=\"a009d61\" data-element_type=\"column\">\n\t\t\t<div class=\"elementor-widget-wrap elementor-element-populated\">\n\t\t\t\t\t\t\t\t<div class=\"elementor-element elementor-element-e50eb38 elementor-widget elementor-widget-larson-team\" data-id=\"e50eb38\" data-element_type=\"widget\" data-widget_type=\"larson-team.default\">\n\t\t\t\t<div class=\"elementor-widget-container\">\n\t\t\t\t\t\n\t\t<section class=\"webpage__team-section team-section\">\n\t        <div class=\"about-block__inner container\"  data-number=\"02.\">\n\t          \t          <header class=\"team-section__header\" data-aos=\"fade\">\n\t            <h2 class=\"about-block__heading heading\">\n\t            \t<span >\n\t\t\t\t\t\tReferenzen\t\t\t\t\t<\/span>\n\t            <\/h2>\n\t          <\/header>\n\t          \t          \t        <\/div>\n\t    <\/section>\n\n\t\t\t\t<\/div>\n\t\t\t\t<\/div>\n\t\t\t\t\t<\/div>\n\t\t<\/div>\n\t\t\t\t\t\t\t<\/div>\n\t\t<\/section>\n\t\t\t\t<section class=\"elementor-section elementor-top-section elementor-element elementor-element-b68bb58 elementor-section-full_width elementor-section-height-default elementor-section-height-default\" data-id=\"b68bb58\" data-element_type=\"section\">\n\t\t\t\t\t\t<div class=\"elementor-container elementor-column-gap-no\">\n\t\t\t\t\t<div class=\"elementor-column elementor-col-100 elementor-top-column elementor-element elementor-element-9992a51\" data-id=\"9992a51\" data-element_type=\"column\">\n\t\t\t<div class=\"elementor-widget-wrap elementor-element-populated\">\n\t\t\t\t\t\t\t\t<div class=\"elementor-element elementor-element-ac43bca elementor-widget elementor-widget-larson-partners\" data-id=\"ac43bca\" data-element_type=\"widget\" data-widget_type=\"larson-partners.default\">\n\t\t\t\t<div class=\"elementor-widget-container\">\n\t\t\t\n\t\t<!-- Partners-->\n\t\t<section class=\"webpage__partners partners\">\n\t\t\t<div class=\"partners__inner container\">\n\t\t\t  \t\t\t  <ul class=\"partners__list\">\n\t\t\t    \t\t\t    <li class=\"partners__item\" data-aos=\"fade\" data-aos-delay=\"0\">\n\t\t\t      \t\t\t\t  <a href=\"http:\/\/www.wincasa.ch\/\" title=\"http:\/\/EnteWincasa%20Immobilien%20,%20Bernr%20title\">\n\t\t\t\t  \t\t\t      \t\t\t      <img src=\"https:\/\/be-reinigung.ch\/wp-content\/uploads\/2022\/03\/wincasa.png\" alt=\"http:\/\/EnteWincasa%20Immobilien%20,%20Bernr%20title\" \/>\n\t\t\t      \t\t\t      \t\t\t\t  <\/a>\n\t\t\t\t  \t\t\t    <\/li>\n\t\t\t    \t\t\t    <li class=\"partners__item\" data-aos=\"fade\" data-aos-delay=\"200\">\n\t\t\t      \t\t\t\t  <a href=\"https:\/\/www.buechibau.ch\/\" title=\"http:\/\/B\u00dcCHI%20Bauunternemung%20AG%20Liegeschaftsverwaltung%20,%20Bern\">\n\t\t\t\t  \t\t\t      \t\t\t      <img src=\"https:\/\/be-reinigung.ch\/wp-content\/uploads\/2022\/03\/logo-redesign.png\" alt=\"http:\/\/B\u00dcCHI%20Bauunternemung%20AG%20Liegeschaftsverwaltung%20,%20Bern\" \/>\n\t\t\t      \t\t\t      \t\t\t\t  <\/a>\n\t\t\t\t  \t\t\t    <\/li>\n\t\t\t    \t\t\t    <li class=\"partners__item\" data-aos=\"fade\" data-aos-delay=\"400\">\n\t\t\t      \t\t\t\t  <a href=\"http:\/\/www.notare-brunner.ch\/\" title=\"http:\/\/Notariat%20Verwaltungen%20Brunnen%20&#038;%20Co.%20Bern\">\n\t\t\t\t  \t\t\t      \t\t\t      <img src=\"https:\/\/be-reinigung.ch\/wp-content\/uploads\/2022\/03\/aaa-20logo-notariat-20und-20verwaltungen-20brunner-20-20co-gross.jpg\" alt=\"http:\/\/Notariat%20Verwaltungen%20Brunnen%20&#038;%20Co.%20Bern\" \/>\n\t\t\t      \t\t\t      \t\t\t\t  <\/a>\n\t\t\t\t  \t\t\t    <\/li>\n\t\t\t    \t\t\t    <li class=\"partners__item\" data-aos=\"fade\" data-aos-delay=\"600\">\n\t\t\t      \t\t\t\t  <a href=\"https:\/\/www.livit.ch\/\" title=\"http:\/\/Livit%20AG\">\n\t\t\t\t  \t\t\t      \t\t\t      <img src=\"https:\/\/be-reinigung.ch\/wp-content\/uploads\/2022\/03\/logo-1.png\" alt=\"http:\/\/Livit%20AG\" \/>\n\t\t\t      \t\t\t      \t\t\t\t  <\/a>\n\t\t\t\t  \t\t\t    <\/li>\n\t\t\t    \t\t\t    <li class=\"partners__item\" data-aos=\"fade\" data-aos-delay=\"800\">\n\t\t\t      \t\t\t\t  <a href=\"https:\/\/www.as-immo.ch\/\" title=\"http:\/\/AS%20Immobilien%20AG%20,%20Bern\">\n\t\t\t\t  \t\t\t      \t\t\t      <img src=\"https:\/\/be-reinigung.ch\/wp-content\/uploads\/2022\/03\/logo_as_immo_claim_grau_rgb_web-1.webp\" alt=\"http:\/\/AS%20Immobilien%20AG%20,%20Bern\" \/>\n\t\t\t      \t\t\t      \t\t\t\t  <\/a>\n\t\t\t\t  \t\t\t    <\/li>\n\t\t\t    \t\t\t    <li class=\"partners__item\" data-aos=\"fade\" data-aos-delay=\"1000\">\n\t\t\t      \t\t\t\t  <a href=\"https:\/\/www.berimag.ch\/\" title=\"http:\/\/Berim%20Immobilien%20AG%20,%20Bern\">\n\t\t\t\t  \t\t\t      \t\t\t      <img src=\"https:\/\/be-reinigung.ch\/wp-content\/uploads\/2022\/03\/Berimag-Logo.png\" alt=\"http:\/\/Berim%20Immobilien%20AG%20,%20Bern\" \/>\n\t\t\t      \t\t\t      \t\t\t\t  <\/a>\n\t\t\t\t  \t\t\t    <\/li>\n\t\t\t    \t\t\t    <li class=\"partners__item\" data-aos=\"fade\" data-aos-delay=\"1200\">\n\t\t\t      \t\t\t\t  <a href=\"https:\/\/www.tak.ch\/\" title=\"http:\/\/Enter%20titTAK%20Treuhand%20AG%20,%20Berne\">\n\t\t\t\t  \t\t\t      \t\t\t      <img src=\"https:\/\/be-reinigung.ch\/wp-content\/uploads\/2022\/03\/TAK_Immobilien_Logo_Gross-1.jpg\" alt=\"http:\/\/Enter%20titTAK%20Treuhand%20AG%20,%20Berne\" \/>\n\t\t\t      \t\t\t      \t\t\t\t  <\/a>\n\t\t\t\t  \t\t\t    <\/li>\n\t\t\t    \t\t\t    <li class=\"partners__item\" data-aos=\"fade\" data-aos-delay=\"1400\">\n\t\t\t      \t\t\t\t  <a href=\"https:\/\/www.emmenegger-immobilien.ch\/\" title=\"http:\/\/Patrick%20Emmenegger%20,%20Bern\">\n\t\t\t\t  \t\t\t      \t\t\t      <img src=\"https:\/\/be-reinigung.ch\/wp-content\/uploads\/2022\/03\/Sig.P.Emmenegger_Immo_Verwaltungen_AG-900x171.jpg\" alt=\"http:\/\/Patrick%20Emmenegger%20,%20Bern\" \/>\n\t\t\t      \t\t\t      \t\t\t\t  <\/a>\n\t\t\t\t  \t\t\t    <\/li>\n\t\t\t    \t\t\t    <li class=\"partners__item\" data-aos=\"fade\" data-aos-delay=\"1600\">\n\t\t\t      \t\t\t\t  <a href=\"http:\/\/inniger-treuhand.ch\/\" title=\"http:\/\/Inniger%20Immobilien%20-%20Treuhand%20GmbH,%20Bernle\">\n\t\t\t\t  \t\t\t      \t\t\t      <img src=\"https:\/\/be-reinigung.ch\/wp-content\/uploads\/2022\/03\/Logo-inniger.png\" alt=\"http:\/\/Inniger%20Immobilien%20-%20Treuhand%20GmbH,%20Bernle\" \/>\n\t\t\t      \t\t\t      \t\t\t\t  <\/a>\n\t\t\t\t  \t\t\t    <\/li>\n\t\t\t    \t\t\t    <li class=\"partners__item\" data-aos=\"fade\" data-aos-delay=\"1800\">\n\t\t\t      \t\t\t\t  <a href=\"https:\/\/www.its-bern.ch\/\" title=\"http:\/\/ITS%20Immobilien%20-%20Treuhand%20Scheideggere\">\n\t\t\t\t  \t\t\t      \t\t\t      <img src=\"https:\/\/be-reinigung.ch\/wp-content\/uploads\/2022\/03\/its-immo.webp\" alt=\"http:\/\/ITS%20Immobilien%20-%20Treuhand%20Scheideggere\" \/>\n\t\t\t      \t\t\t      \t\t\t\t  <\/a>\n\t\t\t\t  \t\t\t    <\/li>\n\t\t\t    \t\t\t    <li class=\"partners__item\" data-aos=\"fade\" data-aos-delay=\"2000\">\n\t\t\t      \t\t\t\t  <a href=\"https:\/\/www.graffenried-liegenschaften.ch\/de\" title=\"http:\/\/VON%20GRAFFENRIED\">\n\t\t\t\t  \t\t\t      \t\t\t      <img src=\"https:\/\/be-reinigung.ch\/wp-content\/uploads\/2022\/03\/Download.png\" alt=\"http:\/\/VON%20GRAFFENRIED\" \/>\n\t\t\t      \t\t\t      \t\t\t\t  <\/a>\n\t\t\t\t  \t\t\t    <\/li>\n\t\t\t    \t\t\t    <li class=\"partners__item\" data-aos=\"fade\" data-aos-delay=\"2200\">\n\t\t\t      \t\t\t\t  <a href=\"https:\/\/www.volzliegenschaften.ch\/\" title=\"http:\/\/Volz%20Liegenschaften%20AG\">\n\t\t\t\t  \t\t\t      \t\t\t      <img src=\"https:\/\/be-reinigung.ch\/wp-content\/uploads\/2022\/03\/Volzliegenschaften-Logo-cmyk.webp\" alt=\"http:\/\/Volz%20Liegenschaften%20AG\" \/>\n\t\t\t      \t\t\t      \t\t\t\t  <\/a>\n\t\t\t\t  \t\t\t    <\/li>\n\t\t\t    \t\t\t    <li class=\"partners__item\" data-aos=\"fade\" data-aos-delay=\"2400\">\n\t\t\t      \t\t\t\t  <a href=\"https:\/\/www.jordi-liegenschaften.ch\/\" title=\"http:\/\/Jordi%20Liegenschaften%20Bern%20AG\">\n\t\t\t\t  \t\t\t      \t\t\t      <img src=\"https:\/\/be-reinigung.ch\/wp-content\/uploads\/2022\/03\/Logo.jpg\" alt=\"http:\/\/Jordi%20Liegenschaften%20Bern%20AG\" \/>\n\t\t\t      \t\t\t      \t\t\t\t  <\/a>\n\t\t\t\t  \t\t\t    <\/li>\n\t\t\t    \t\t\t    <li class=\"partners__item\" data-aos=\"fade\" data-aos-delay=\"2600\">\n\t\t\t      \t\t\t\t  <a href=\"https:\/\/www.ebgbern.ch\/\" title=\"http:\/\/Eisenbahner-Baugenossenschaft%20Bern%20\">\n\t\t\t\t  \t\t\t      \t\t\t      <img src=\"https:\/\/be-reinigung.ch\/wp-content\/uploads\/2022\/03\/eisenbahner-baugenossenschaft-bern-ebg-bern.jpg\" alt=\"http:\/\/Eisenbahner-Baugenossenschaft%20Bern%20\" \/>\n\t\t\t      \t\t\t      \t\t\t\t  <\/a>\n\t\t\t\t  \t\t\t    <\/li>\n\t\t\t    \t\t\t    <li class=\"partners__item\" data-aos=\"fade\" data-aos-delay=\"2800\">\n\t\t\t      \t\t\t\t  <a href=\"https:\/\/www.managimmos.ch\/\" title=\"http:\/\/ManagImmos%20GmbH\">\n\t\t\t\t  \t\t\t      \t\t\t      <img src=\"https:\/\/be-reinigung.ch\/wp-content\/uploads\/2022\/03\/logo-mimmo.jpg\" alt=\"http:\/\/ManagImmos%20GmbH\" \/>\n\t\t\t      \t\t\t      \t\t\t\t  <\/a>\n\t\t\t\t  \t\t\t    <\/li>\n\t\t\t    \t\t\t  <\/ul>\n\t\t\t  \t\t\t<\/div>\n\t\t<\/section>\n\n\t\t\t\t<\/div>\n\t\t\t\t<\/div>\n\t\t\t\t<div class=\"elementor-element elementor-element-aeb6d62 elementor-headline--style-highlight elementor-widget elementor-widget-animated-headline\" data-id=\"aeb6d62\" data-element_type=\"widget\" data-settings=\"{&quot;marker&quot;:&quot;underline&quot;,&quot;highlighted_text&quot;:&quot;Zuverlassig&quot;,&quot;headline_style&quot;:&quot;highlight&quot;,&quot;loop&quot;:&quot;yes&quot;,&quot;highlight_animation_duration&quot;:1200,&quot;highlight_iteration_delay&quot;:8000}\" data-widget_type=\"animated-headline.default\">\n\t\t\t\t<div class=\"elementor-widget-container\">\n\t\t\t\t\t<h3 class=\"elementor-headline\">\n\t\t\t\t\t<span class=\"elementor-headline-plain-text elementor-headline-text-wrapper\">Professionell - Exakt - <\/span>\n\t\t\t\t<span class=\"elementor-headline-dynamic-wrapper elementor-headline-text-wrapper\">\n\t\t\t\t\t<span class=\"elementor-headline-dynamic-text elementor-headline-text-active\">Zuverlassig<\/span>\n\t\t\t\t<\/span>\n\t\t\t\t<\/h3>\n\t\t\t\t<\/div>\n\t\t\t\t<\/div>\n\t\t\t\t\t<\/div>\n\t\t<\/div>\n\t\t\t\t\t\t\t<\/div>\n\t\t<\/section>\n\t\t\t\t<section class=\"elementor-section elementor-top-section elementor-element elementor-element-a77fc3b elementor-section-boxed elementor-section-height-default elementor-section-height-default\" data-id=\"a77fc3b\" data-element_type=\"section\">\n\t\t\t\t\t\t<div class=\"elementor-container elementor-column-gap-default\">\n\t\t\t\t\t<div class=\"elementor-column elementor-col-100 elementor-top-column elementor-element elementor-element-0340f1a\" data-id=\"0340f1a\" data-element_type=\"column\">\n\t\t\t<div class=\"elementor-widget-wrap elementor-element-populated\">\n\t\t\t\t\t\t\t\t<div class=\"elementor-element elementor-element-cb4a9b4 elementor-widget elementor-widget-larson-portfolio\" data-id=\"cb4a9b4\" data-element_type=\"widget\" data-widget_type=\"larson-portfolio.default\">\n\t\t\t\t<div class=\"elementor-widget-container\">\n\t\t\t\n\t\t\n\t\t<div class=\"article__main article__main--width-full container\">\n\n                    <ul class=\"projects-masonry row __js_projects-grid projects-grid-col-4\">\n          \t<li class=\"grid-sizer\"><\/li>\n          \t\n\n<li class=\"projects-masonry__item col-12 col-md-6 col-xl-3 __js_masonry-item __js_be-reinigung \">\n  <a class=\"card card--small card--masonry\" href=\"https:\/\/be-reinigung.ch\/?portfolio=hauswartung\">\n        <div class=\"card__image card__image-m\">\n      <img src=\"https:\/\/be-reinigung.ch\/wp-content\/uploads\/2021\/06\/Hauswartung-900x900.png\" alt=\"Hauswartung\" \/>\n    <\/div>\n        <div class=\"card__content\">\n            <h3 class=\"card__heading\">\n      \tHauswartung      <\/h3>\n                  <div class=\"card__text\">\n      \tProfessioneller Hauswartservice f\u00fcr Wohn\u00fcberbauungen oder Gewerbe aller Art!\r\n\r\nZum Fixpreis inkl. Anfahrt und Material.\r\n\r\nEine saubere Umgebung bereits ab CHF 160.00 pro Monat.      <\/div>\n            <div class=\"card__bottom\">\n        <span class=\"card__link\">\n          See project          <svg width=\"20\" height=\"20\">\n            <use xlink:href=\"#chevron-right\"><\/use>\n          <\/svg>\n        <\/span>\n      <\/div>\n    <\/div>\n  <\/a>\n<\/li>\n\n<li class=\"projects-masonry__item col-12 col-md-6 col-xl-3 __js_masonry-item __js_be-reinigung \">\n  <a class=\"card card--small card--masonry\" href=\"https:\/\/be-reinigung.ch\/?portfolio=fensterreinigung\">\n        <div class=\"card__image card__image-m\">\n      <img src=\"https:\/\/be-reinigung.ch\/wp-content\/uploads\/2022\/03\/fensterreinigung-900x784.webp\" alt=\"Fensterreinigung\" \/>\n    <\/div>\n        <div class=\"card__content\">\n            <h3 class=\"card__heading\">\n      \tFensterreinigung      <\/h3>\n                  <div class=\"card__text\">\n      \tProjects for many large domestic and foreign corporations, enterprises in many elds such as nance, banking, F&amp;B, education, communication.      <\/div>\n            <div class=\"card__bottom\">\n        <span class=\"card__link\">\n          See project          <svg width=\"20\" height=\"20\">\n            <use xlink:href=\"#chevron-right\"><\/use>\n          <\/svg>\n        <\/span>\n      <\/div>\n    <\/div>\n  <\/a>\n<\/li>\n\n<li class=\"projects-masonry__item col-12 col-md-6 col-xl-3 __js_masonry-item __js_be-reinigung \">\n  <a class=\"card card--small card--masonry\" href=\"https:\/\/be-reinigung.ch\/?portfolio=entsorgung\">\n        <div class=\"card__image card__image-m\">\n      <img src=\"https:\/\/be-reinigung.ch\/wp-content\/uploads\/2021\/06\/work2-900x900.jpeg\" alt=\"Entsorgung\" \/>\n    <\/div>\n        <div class=\"card__content\">\n            <h3 class=\"card__heading\">\n      \tEntsorgung      <\/h3>\n                  <div class=\"card__text\">\n      \tProjects for many large domestic and foreign corporations, enterprises in many elds such as nance, banking, F&amp;B, education, communication.      <\/div>\n            <div class=\"card__bottom\">\n        <span class=\"card__link\">\n          See project          <svg width=\"20\" height=\"20\">\n            <use xlink:href=\"#chevron-right\"><\/use>\n          <\/svg>\n        <\/span>\n      <\/div>\n    <\/div>\n  <\/a>\n<\/li>\n\n<li class=\"projects-masonry__item col-12 col-md-6 col-xl-3 __js_masonry-item __js_be-reinigung \">\n  <a class=\"card card--small card--masonry\" href=\"https:\/\/be-reinigung.ch\/?portfolio=umzugsreinigung\">\n        <div class=\"card__image card__image-m\">\n      <img src=\"https:\/\/be-reinigung.ch\/wp-content\/uploads\/2021\/07\/item-2-900x900.jpg\" alt=\"Umzugsreinigung\" \/>\n    <\/div>\n        <div class=\"card__content\">\n            <h3 class=\"card__heading\">\n      \tUmzugsreinigung      <\/h3>\n                  <div class=\"card__text\">\n      \tProjects for many large domestic and foreign corporations, enterprises in many elds such      <\/div>\n            <div class=\"card__bottom\">\n        <span class=\"card__link\">\n          See project          <svg width=\"20\" height=\"20\">\n            <use xlink:href=\"#chevron-right\"><\/use>\n          <\/svg>\n        <\/span>\n      <\/div>\n    <\/div>\n  <\/a>\n<\/li>\n\n<li class=\"projects-masonry__item col-12 col-md-6 col-xl-3 __js_masonry-item __js_be-reinigung \">\n  <a class=\"card card--small card--masonry\" href=\"https:\/\/be-reinigung.ch\/?portfolio=baureinigung-2\">\n        <div class=\"card__image card__image-m\">\n      <img src=\"https:\/\/be-reinigung.ch\/wp-content\/uploads\/2021\/07\/post-0-900x900.jpeg\" alt=\"Baureinigung\" \/>\n    <\/div>\n        <div class=\"card__content\">\n            <h3 class=\"card__heading\">\n      \tBaureinigung      <\/h3>\n                  <div class=\"card__text\">\n      \tProjects for many large domestic and foreign corporations, enterprises in many elds such as nance, banking, F&amp;B, education, communication.      <\/div>\n            <div class=\"card__bottom\">\n        <span class=\"card__link\">\n          See project          <svg width=\"20\" height=\"20\">\n            <use xlink:href=\"#chevron-right\"><\/use>\n          <\/svg>\n        <\/span>\n      <\/div>\n    <\/div>\n  <\/a>\n<\/li>\n\n<li class=\"projects-masonry__item col-12 col-md-6 col-xl-3 __js_masonry-item __js_be-reinigung \">\n  <a class=\"card card--small card--masonry\" href=\"https:\/\/be-reinigung.ch\/?portfolio=wohnungsreinigung\">\n        <div class=\"card__image card__image-m\">\n      <img src=\"https:\/\/be-reinigung.ch\/wp-content\/uploads\/2021\/07\/bg-1-900x900.jpg\" alt=\"B\u00fcroreinigung\" \/>\n    <\/div>\n        <div class=\"card__content\">\n            <h3 class=\"card__heading\">\n      \tB\u00fcroreinigung      <\/h3>\n                  <div class=\"card__text\">\n      \tProjects for many large domestic and foreign corporations, enterprises in many elds such      <\/div>\n            <div class=\"card__bottom\">\n        <span class=\"card__link\">\n          See project          <svg width=\"20\" height=\"20\">\n            <use xlink:href=\"#chevron-right\"><\/use>\n          <\/svg>\n        <\/span>\n      <\/div>\n    <\/div>\n  <\/a>\n<\/li>\n\n<li class=\"projects-masonry__item col-12 col-md-6 col-xl-3 __js_masonry-item __js_be-reinigung \">\n  <a class=\"card card--small card--masonry\" href=\"https:\/\/be-reinigung.ch\/?portfolio=raeumung-entsorgung\">\n        <div class=\"card__image card__image-m\">\n      <img src=\"https:\/\/be-reinigung.ch\/wp-content\/uploads\/2021\/08\/raumung-entsorgung-900x900.png\" alt=\"R\u00e4umung &#038; Entsorgung\" \/>\n    <\/div>\n        <div class=\"card__content\">\n            <h3 class=\"card__heading\">\n      \tR\u00e4umung &#038; Entsorgung      <\/h3>\n                  <div class=\"card__text\">\n      \tProjects for many large domestic and foreign corporations, enterprises in many elds such as nance, banking, F&amp;B, education, communication.      <\/div>\n            <div class=\"card__bottom\">\n        <span class=\"card__link\">\n          See project          <svg width=\"20\" height=\"20\">\n            <use xlink:href=\"#chevron-right\"><\/use>\n          <\/svg>\n        <\/span>\n      <\/div>\n    <\/div>\n  <\/a>\n<\/li>          <\/ul>\n\n          \n        <\/div>\n\n\t\t\t\t<\/div>\n\t\t\t\t<\/div>\n\t\t\t\t\t<\/div>\n\t\t<\/div>\n\t\t\t\t\t\t\t<\/div>\n\t\t<\/section>\n\t\t\t\t\t\t<\/div>\n\t\t\t\t\t<\/div>\n\t\t","protected":false},"excerpt":{"rendered":"<p>Wir sindBE Reinigung Reinungsservices zu fairen Preisen \u2013 Garantiert! \u00dcber uns Wir hoffen, dass Sie alles finden, was Sie ben\u00f6tigen. Firmenname bem\u00fcht sich, hochqualitative Dienstleistungen zu bieten und Kundenw\u00fcnsche zu erf\u00fcllen &#8211; wir geben alles, um Ihre Erwartungen zu erf\u00fcllen. Wir bieten zahlreiche Angebote, aus denen Sie w\u00e4hlen k\u00f6nnen und&#8230; <\/p>\n<div class=\"readmore\"><a href=\"https:\/\/be-reinigung.ch\/?portfolio=raeumung-entsorgung\" class=\"btn-link\">Read more<\/a><\/div>\n","protected":false},"author":1,"featured_media":0,"parent":0,"menu_order":0,"comment_status":"closed","ping_status":"closed","template":"template-elementor-default.php","meta":{"_monsterinsights_skip_tracking":false,"_monsterinsights_sitenote_active":false,"_monsterinsights_sitenote_note":"","_monsterinsights_sitenote_category":0},"acf":[],"_links":{"self":[{"href":"https:\/\/be-reinigung.ch\/index.php?rest_route=\/wp\/v2\/pages\/246"}],"collection":[{"href":"https:\/\/be-reinigung.ch\/index.php?rest_route=\/wp\/v2\/pages"}],"about":[{"href":"https:\/\/be-reinigung.ch\/index.php?rest_route=\/wp\/v2\/types\/page"}],"author":[{"embeddable":true,"href":"https:\/\/be-reinigung.ch\/index.php?rest_route=\/wp\/v2\/users\/1"}],"replies":[{"embeddable":true,"href":"https:\/\/be-reinigung.ch\/index.php?rest_route=%2Fwp%2Fv2%2Fcomments&post=246"}],"version-history":[{"count":83,"href":"https:\/\/be-reinigung.ch\/index.php?rest_route=\/wp\/v2\/pages\/246\/revisions"}],"predecessor-version":[{"id":2572,"href":"https:\/\/be-reinigung.ch\/index.php?rest_route=\/wp\/v2\/pages\/246\/revisions\/2572"}],"wp:attachment":[{"href":"https:\/\/be-reinigung.ch\/index.php?rest_route=%2Fwp%2Fv2%2Fmedia&parent=246"}],"curies":[{"name":"wp","href":"https:\/\/api.w.org\/{rel}","templated":true}]}}