{"id":360,"date":"2021-06-17T11:27:23","date_gmt":"2021-06-17T11:27:23","guid":{"rendered":"https:\/\/bslthemes.site\/larson\/?page_id=360"},"modified":"2022-03-26T14:51:19","modified_gmt":"2022-03-26T14:51:19","slug":"team","status":"publish","type":"page","link":"https:\/\/be-reinigung.ch\/?page_id=360","title":{"rendered":"Preisliste"},"content":{"rendered":"\t\t<div data-elementor-type=\"wp-page\" data-elementor-id=\"360\" class=\"elementor elementor-360\" data-elementor-settings=\"[]\">\n\t\t\t\t\t\t\t<div class=\"elementor-section-wrap\">\n\t\t\t\t\t\t\t<section class=\"elementor-section elementor-top-section elementor-element elementor-element-a41e2b2 elementor-section-full_width elementor-section-height-default elementor-section-height-default\" data-id=\"a41e2b2\" data-element_type=\"section\">\n\t\t\t\t\t\t<div class=\"elementor-container elementor-column-gap-no\">\n\t\t\t\t\t<div class=\"elementor-column elementor-col-100 elementor-top-column elementor-element elementor-element-97c067e\" data-id=\"97c067e\" data-element_type=\"column\">\n\t\t\t<div class=\"elementor-widget-wrap elementor-element-populated\">\n\t\t\t\t\t\t\t\t<div class=\"elementor-element elementor-element-4f6d00e elementor-widget elementor-widget-larson-intro\" data-id=\"4f6d00e\" data-element_type=\"widget\" data-widget_type=\"larson-intro.default\">\n\t\t\t\t<div class=\"elementor-widget-container\">\n\t\t\t\n\t\t<article class=\"article\">\n\t        <header class=\"article__header\">\n\t          <div class=\"container\">\n\t            \t            <h1 class=\"article__heading heading heading--size-large\">\n\t            \t<span >\n\t\t\t\t\t\tUnsere\n              <br>\n              <span class=\"color-yellow\">PREISLISTE<\/span> \t\t\t\t\t<\/span>\n\t            <\/h1>\n\t            \t            \t            <div class=\"article__header-text\">\n\t            \t<span >\n\t\t\t\t\t\tBE Reinigung\t\t\t\t\t<\/span>\n\t            <\/div>\n\t            \t          <\/div>\n\t        <\/header>\n\t        \t    <\/article>\n\n\t\t\t\t<\/div>\n\t\t\t\t<\/div>\n\t\t\t\t\t<\/div>\n\t\t<\/div>\n\t\t\t\t\t\t\t<\/div>\n\t\t<\/section>\n\t\t\t\t<section class=\"elementor-section elementor-top-section elementor-element elementor-element-b4b4f17 elementor-section-boxed elementor-section-height-default elementor-section-height-default\" data-id=\"b4b4f17\" data-element_type=\"section\">\n\t\t\t\t\t\t<div class=\"elementor-container elementor-column-gap-default\">\n\t\t\t\t\t<div class=\"elementor-column elementor-col-100 elementor-top-column elementor-element elementor-element-e81411a\" data-id=\"e81411a\" data-element_type=\"column\">\n\t\t\t<div class=\"elementor-widget-wrap elementor-element-populated\">\n\t\t\t\t\t\t\t\t<div class=\"elementor-element elementor-element-3bd9ded elementor-widget elementor-widget-text-editor\" data-id=\"3bd9ded\" data-element_type=\"widget\" data-widget_type=\"text-editor.default\">\n\t\t\t\t<div class=\"elementor-widget-container\">\n\t\t\t<style>\/*! elementor - v3.5.6 - 28-02-2022 *\/\n.elementor-widget-text-editor.elementor-drop-cap-view-stacked .elementor-drop-cap{background-color:#818a91;color:#fff}.elementor-widget-text-editor.elementor-drop-cap-view-framed .elementor-drop-cap{color:#818a91;border:3px solid;background-color:transparent}.elementor-widget-text-editor:not(.elementor-drop-cap-view-default) .elementor-drop-cap{margin-top:8px}.elementor-widget-text-editor:not(.elementor-drop-cap-view-default) .elementor-drop-cap-letter{width:1em;height:1em}.elementor-widget-text-editor .elementor-drop-cap{float:left;text-align:center;line-height:1;font-size:50px}.elementor-widget-text-editor .elementor-drop-cap-letter{display:inline-block}<\/style>\t\t\t\t<p>Die Kosten einer Umzugsreinigung sind nat\u00fcrlich immer von der Gr\u00f6sse und dem Zustand des jeweiligen Wohnobjektes abh\u00e4ngig. Aufgrund unserer Erfahrungen k\u00f6nnen wir folgende unverbindlichen Richtkosten nennen:<\/p>\n<p>1.5 Zimmer: Durchschnittspreis 450.- | Spanne 370.- bis 620.-<\/p>\n<p>2.5 Zimmer: Durchschnittspreis 590.- | Spanne 480.- bis 720.-<\/p>\n<p>3.5 Zimmer: Durchschnittspreis 690.- | Spanne 605.- bis 950.-<\/p>\n<p>4.5 Zimmer: Durchschnittspreis 850.- | Spanne 740.- bis 1250.-<\/p>\n<p>5.5 Zimmer: Durchschnittspreis 990.- | Spanne 905.- bis 1510.-<\/p>\n<p>6.5 Zimmer: Durchschnittspreis 1290.- | Spanne 965.- bis 1925.-<\/p>\n<p><\/p>\n<p>Im Vorfeld jeder Umzugsreinigung erstellen wir eine Fixpreis-Offerte f\u00fcr die Reinigungsarbeiten. Als Basis f\u00fcr die Offerte f\u00fcllen Sie bitte das Offertformular aus, zeigen uns die R\u00e4umlichkeiten per WhatsApp oder wir treffen uns zu einem pers\u00f6nlichen Gespr\u00e4ch direkt beim Objekt.<\/p>\n<p><\/p>\n<p><strong>ABGABEGARANTIE<\/strong><\/p>\n<p>Mit einer Garantie k\u00f6nnen Sie sicher sein, dass die Reinigung der Wohnung korrekt ist. Daher sind wir auch bei der \u00dcbergabe der Wohnung dabei. Wir unterst\u00fctzen Sie f\u00fcr einen schnellen und reibungslosen Ablauf.<\/p>\n<p><\/p>\n<p><strong>Preise Baureinigung Wohnungen <\/strong><\/p>\n<p>3.5 Zimmer: Durchschnittspreis 690.00<\/p>\n<p>4.5 Zimmer: Durchschnittspreis 850.00<\/p>\n<p>5.5 Zimmer: Durchschnittspreis 990.00<\/p>\n<p><strong>Preise Baureinigung EFH<\/strong><\/p>\n<p>4.5 Zimmer Haus CHF 1&#8217;200.00<\/p>\n<p>5.5 Zimmer Haus CHF 1&#8217;400.00<\/p>\n<p>6.5 Zimmer Haus CHF 1&#8217;600.00<\/p>\t\t\t\t\t\t<\/div>\n\t\t\t\t<\/div>\n\t\t\t\t\t<\/div>\n\t\t<\/div>\n\t\t\t\t\t\t\t<\/div>\n\t\t<\/section>\n\t\t\t\t\t\t<\/div>\n\t\t\t\t\t<\/div>\n\t\t","protected":false},"excerpt":{"rendered":"<p>Unsere PREISLISTE BE Reinigung Die Kosten einer Umzugsreinigung sind nat\u00fcrlich immer von der Gr\u00f6sse und dem Zustand des jeweiligen Wohnobjektes abh\u00e4ngig. Aufgrund unserer Erfahrungen k\u00f6nnen wir folgende unverbindlichen Richtkosten nennen: 1.5 Zimmer: Durchschnittspreis 450.- | Spanne 370.- bis 620.- 2.5 Zimmer: Durchschnittspreis 590.- | Spanne 480.- bis 720.- 3.5 Zimmer:&#8230; <\/p>\n<div class=\"readmore\"><a href=\"https:\/\/be-reinigung.ch\/?page_id=360\" class=\"btn-link\">Read more<\/a><\/div>\n","protected":false},"author":1,"featured_media":0,"parent":0,"menu_order":0,"comment_status":"closed","ping_status":"closed","template":"template-elementor-default.php","meta":{"_monsterinsights_skip_tracking":false,"_monsterinsights_sitenote_active":false,"_monsterinsights_sitenote_note":"","_monsterinsights_sitenote_category":0},"acf":[],"_links":{"self":[{"href":"https:\/\/be-reinigung.ch\/index.php?rest_route=\/wp\/v2\/pages\/360"}],"collection":[{"href":"https:\/\/be-reinigung.ch\/index.php?rest_route=\/wp\/v2\/pages"}],"about":[{"href":"https:\/\/be-reinigung.ch\/index.php?rest_route=\/wp\/v2\/types\/page"}],"author":[{"embeddable":true,"href":"https:\/\/be-reinigung.ch\/index.php?rest_route=\/wp\/v2\/users\/1"}],"replies":[{"embeddable":true,"href":"https:\/\/be-reinigung.ch\/index.php?rest_route=%2Fwp%2Fv2%2Fcomments&post=360"}],"version-history":[{"count":18,"href":"https:\/\/be-reinigung.ch\/index.php?rest_route=\/wp\/v2\/pages\/360\/revisions"}],"predecessor-version":[{"id":2552,"href":"https:\/\/be-reinigung.ch\/index.php?rest_route=\/wp\/v2\/pages\/360\/revisions\/2552"}],"wp:attachment":[{"href":"https:\/\/be-reinigung.ch\/index.php?rest_route=%2Fwp%2Fv2%2Fmedia&parent=360"}],"curies":[{"name":"wp","href":"https:\/\/api.w.org\/{rel}","templated":true}]}}